{"id":831,"date":"2025-05-28T14:43:52","date_gmt":"2025-05-28T12:43:52","guid":{"rendered":"https:\/\/proptechsumm.it\/booking\/?post_type=product&#038;p=831"},"modified":"2026-04-14T09:34:27","modified_gmt":"2026-04-14T07:34:27","slug":"macncheese-station","status":"publish","type":"product","link":"https:\/\/proptechsumm.it\/booking\/shop\/macncheese-station\/","title":{"rendered":"Mac\u2019n\u2019Cheese-Station"},"content":{"rendered":"<p data-start=\"0\" data-end=\"87\"><strong data-start=\"0\" data-end=\"87\">Mac\u2019n\u2019Cheese-Station auf dem Summit \u2013 Herzhaft, hei\u00df und ein echter Publikumsmagnet<\/strong><\/p>\n<p data-start=\"89\" data-end=\"322\">Sorgt f\u00fcr warme Genussmomente und volle Aufmerksamkeit mit unserer\u00a0<strong data-start=\"156\" data-end=\"180\">Mac\u2019n\u2019Cheese-Station<\/strong>\u00a0auf dem Summit! Der herzhafte Klassiker zieht Besucher an euren Stand und bietet perfekte Gelegenheiten f\u00fcr Gespr\u00e4che in lockerer Atmosph\u00e4re.<\/p>\n<p data-start=\"324\" data-end=\"499\">Inklusive:\u00a0<strong data-start=\"335\" data-end=\"390\">Fl\u00e4che (+6 m\u00b2 zum Basispaket), Equipment, individuelles Branding, Personal<\/strong>\u00a0\u2013 und\u00a0<strong data-start=\"397\" data-end=\"428\">450 Portionen f\u00fcr zwei Tage<\/strong>.<br data-start=\"429\" data-end=\"432\" \/>Mehr Comfort Food?\u00a0<strong data-start=\"451\" data-end=\"490\">100 zus\u00e4tzliche Portionen f\u00fcr 810\u202f\u20ac<\/strong>\u00a0buchbar.<\/p>\n<p data-start=\"324\" data-end=\"499\">Ausgabezeiten Tag 1 10:30-18:00 \/ Tag 2 10:30-17:00<\/p>\n<p data-start=\"501\" data-end=\"569\" data-is-last-node=\"\" data-is-only-node=\"\"><strong data-start=\"501\" data-end=\"569\" data-is-last-node=\"\">Jetzt mit herzhaftem Highlight und starker Pr\u00e4senz durchstarten!<\/strong><\/p>\n","protected":false},"excerpt":{"rendered":"<p>Mac\u2019n\u2019Cheese-Station auf dem Summit \u2013 Herzhaft, hei\u00df und ein echter Publikumsmagnet Sorgt f\u00fcr warme Genussmomente und volle Aufmerksamkeit mit unserer\u00a0Mac\u2019n\u2019Cheese-Station\u00a0auf dem Summit! Der herzhafte Klassiker zieht Besucher an euren Stand und bietet perfekte Gelegenheiten f\u00fcr Gespr\u00e4che in lockerer Atmosph\u00e4re. Inklusive:\u00a0Fl\u00e4che (+6 m\u00b2 zum Basispaket), Equipment, individuelles Branding, Personal\u00a0\u2013 und\u00a0450 Portionen f\u00fcr zwei Tage.Mehr Comfort Food?\u00a0100&hellip; <a class=\"more-link\" href=\"https:\/\/proptechsumm.it\/booking\/shop\/macncheese-station\/\"><span class=\"screen-reader-text\">Mac\u2019n\u2019Cheese-Station<\/span> weiterlesen<\/a><\/p>\n","protected":false},"featured_media":0,"comment_status":"open","ping_status":"closed","template":"","meta":[],"product_brand":[],"product_cat":[39],"product_tag":[],"class_list":{"0":"post-831","1":"product","2":"type-product","3":"status-publish","5":"product_cat-lead-magnets","6":"entry","8":"first","9":"instock","10":"sold-individually","11":"taxable","12":"shipping-taxable","13":"purchasable","14":"product-type-simple"},"_links":{"self":[{"href":"https:\/\/proptechsumm.it\/booking\/wp-json\/wp\/v2\/product\/831","targetHints":{"allow":["GET"]}}],"collection":[{"href":"https:\/\/proptechsumm.it\/booking\/wp-json\/wp\/v2\/product"}],"about":[{"href":"https:\/\/proptechsumm.it\/booking\/wp-json\/wp\/v2\/types\/product"}],"replies":[{"embeddable":true,"href":"https:\/\/proptechsumm.it\/booking\/wp-json\/wp\/v2\/comments?post=831"}],"wp:attachment":[{"href":"https:\/\/proptechsumm.it\/booking\/wp-json\/wp\/v2\/media?parent=831"}],"wp:term":[{"taxonomy":"product_brand","embeddable":true,"href":"https:\/\/proptechsumm.it\/booking\/wp-json\/wp\/v2\/product_brand?post=831"},{"taxonomy":"product_cat","embeddable":true,"href":"https:\/\/proptechsumm.it\/booking\/wp-json\/wp\/v2\/product_cat?post=831"},{"taxonomy":"product_tag","embeddable":true,"href":"https:\/\/proptechsumm.it\/booking\/wp-json\/wp\/v2\/product_tag?post=831"}],"curies":[{"name":"wp","href":"https:\/\/api.w.org\/{rel}","templated":true}]}}