{"id":749,"date":"2025-04-09T15:07:41","date_gmt":"2025-04-09T13:07:41","guid":{"rendered":"https:\/\/proptechsumm.it\/booking\/?post_type=product&#038;p=749"},"modified":"2026-05-05T10:43:48","modified_gmt":"2026-05-05T08:43:48","slug":"bringe-deine-partner-mit","status":"publish","type":"product","link":"https:\/\/proptechsumm.it\/booking\/shop\/bringe-deine-partner-mit\/","title":{"rendered":"Bringe deinen Partner mit"},"content":{"rendered":"<p data-start=\"0\" data-end=\"29\"><strong data-start=\"0\" data-end=\"29\">Bringe deinen Partner mit<\/strong><\/p>\n<p data-start=\"31\" data-end=\"351\">Mit unserem Add-on \u201eBringe deinen Partner mit\u201c habt ihr die M\u00f6glichkeit, gemeinsam mit einem Partnerunternehmen auf dem Summit aufzutreten und eure Pr\u00e4senz gezielt zu erweitern. Das Paket eignet sich ideal f\u00fcr Kooperationen, gemeinsame L\u00f6sungen oder strategische Partnerschaften, die ihr vor Ort sichtbar machen m\u00f6chtet.<\/p>\n<p data-start=\"353\" data-end=\"621\">Neben der gemeinsamen Standpr\u00e4senz profitiert euer Partner von zus\u00e4tzlicher Reichweite und einer eigenen Positionierung im Eventumfeld. So schafft ihr nicht nur mehr Aufmerksamkeit, sondern st\u00e4rkt gleichzeitig eure inhaltliche und vertriebliche Wirkung auf dem Summit.<\/p>\n<p data-start=\"623\" data-end=\"650\"><strong data-start=\"623\" data-end=\"650\">Inkludierte Leistungen:<\/strong><\/p>\n<ul data-start=\"651\" data-end=\"831\" data-is-last-node=\"\" data-is-only-node=\"\">\n<li data-section-id=\"vjkg47\" data-start=\"651\" data-end=\"682\">2 Expo &amp; Conference Tickets<\/li>\n<li data-section-id=\"y15f9h\" data-start=\"683\" data-end=\"740\">Ein Ticket-Voucher mit 50 % Rabatt auf ein VIP-Ticket<\/li>\n<li data-section-id=\"15d6ktd\" data-start=\"741\" data-end=\"831\" data-is-last-node=\"\">Eigenes Listing als Aussteller (auf der Website und in weiteren Kommunikationsma\u00dfnahmen)<\/li>\n<\/ul>\n","protected":false},"excerpt":{"rendered":"<p>Bringe deinen Partner mit Mit unserem Add-on \u201eBringe deinen Partner mit\u201c habt ihr die M\u00f6glichkeit, gemeinsam mit einem Partnerunternehmen auf dem Summit aufzutreten und eure Pr\u00e4senz gezielt zu erweitern. Das Paket eignet sich ideal f\u00fcr Kooperationen, gemeinsame L\u00f6sungen oder strategische Partnerschaften, die ihr vor Ort sichtbar machen m\u00f6chtet. Neben der gemeinsamen Standpr\u00e4senz profitiert euer Partner&hellip; <a class=\"more-link\" href=\"https:\/\/proptechsumm.it\/booking\/shop\/bringe-deine-partner-mit\/\"><span class=\"screen-reader-text\">Bringe deinen Partner mit<\/span> weiterlesen<\/a><\/p>\n","protected":false},"featured_media":0,"comment_status":"closed","ping_status":"closed","template":"","meta":[],"product_brand":[],"product_cat":[15],"product_tag":[],"class_list":{"0":"post-749","1":"product","2":"type-product","3":"status-publish","5":"product_cat-sales-networking","6":"entry","8":"first","9":"instock","10":"sold-individually","11":"taxable","12":"shipping-taxable","13":"purchasable","14":"product-type-simple"},"_links":{"self":[{"href":"https:\/\/proptechsumm.it\/booking\/wp-json\/wp\/v2\/product\/749","targetHints":{"allow":["GET"]}}],"collection":[{"href":"https:\/\/proptechsumm.it\/booking\/wp-json\/wp\/v2\/product"}],"about":[{"href":"https:\/\/proptechsumm.it\/booking\/wp-json\/wp\/v2\/types\/product"}],"replies":[{"embeddable":true,"href":"https:\/\/proptechsumm.it\/booking\/wp-json\/wp\/v2\/comments?post=749"}],"wp:attachment":[{"href":"https:\/\/proptechsumm.it\/booking\/wp-json\/wp\/v2\/media?parent=749"}],"wp:term":[{"taxonomy":"product_brand","embeddable":true,"href":"https:\/\/proptechsumm.it\/booking\/wp-json\/wp\/v2\/product_brand?post=749"},{"taxonomy":"product_cat","embeddable":true,"href":"https:\/\/proptechsumm.it\/booking\/wp-json\/wp\/v2\/product_cat?post=749"},{"taxonomy":"product_tag","embeddable":true,"href":"https:\/\/proptechsumm.it\/booking\/wp-json\/wp\/v2\/product_tag?post=749"}],"curies":[{"name":"wp","href":"https:\/\/api.w.org\/{rel}","templated":true}]}}