{"id":734,"date":"2025-02-17T15:11:23","date_gmt":"2025-02-17T14:11:23","guid":{"rendered":"https:\/\/proptechsumm.it\/booking\/?post_type=product&#038;p=734"},"modified":"2026-04-14T09:36:28","modified_gmt":"2026-04-14T07:36:28","slug":"sushi-bar","status":"publish","type":"product","link":"https:\/\/proptechsumm.it\/booking\/shop\/sushi-bar\/","title":{"rendered":"Sushi Bar"},"content":{"rendered":"<p data-start=\"0\" data-end=\"61\"><strong data-start=\"0\" data-end=\"61\">Sushi-Bar auf dem Summit \u2013 Frische trifft Premium-Pr\u00e4senz<\/strong><\/p>\n<p data-start=\"63\" data-end=\"311\">Setzt ein stilvolles Statement mit unserer\u00a0<strong data-start=\"106\" data-end=\"119\">Sushi-Bar<\/strong>\u00a0auf dem Summit \u2013 f\u00fcr alle, die auf Qualit\u00e4t, \u00c4sthetik und Wirkung setzen. Frisch zubereitetes Sushi zieht Blicke wie Besucher an und schafft einen exklusiven Rahmen f\u00fcr genussvolle Gespr\u00e4che.<\/p>\n<p data-start=\"313\" data-end=\"500\">Inklusive:\u00a0<strong data-start=\"324\" data-end=\"395\">Fl\u00e4che (+6 m\u00b2 zum Basispaket), Equipment, individuelles Branding, professionelles Personal<\/strong>\u00a0\u2013 und\u00a0<strong data-start=\"402\" data-end=\"433\">600 Portionen f\u00fcr zwei Tage<\/strong>.<br data-start=\"434\" data-end=\"437\" \/>Mehr Genuss?\u00a0<strong data-start=\"450\" data-end=\"491\">100 zus\u00e4tzliche Portionen f\u00fcr 1.164\u202f\u20ac<\/strong>\u00a0buchbar.<\/p>\n<p data-start=\"313\" data-end=\"500\">Ausgabezeiten an Tag 1 10:30-18:00 \/ Tag 2 10:30-17:00<\/p>\n<p data-start=\"502\" data-end=\"568\" data-is-last-node=\"\" data-is-only-node=\"\"><strong data-start=\"502\" data-end=\"568\" data-is-last-node=\"\">Jetzt mit Premium-Konzept und feinstem Geschmack durchstarten!<\/strong><\/p>\n","protected":false},"excerpt":{"rendered":"<p>Sushi-Bar auf dem Summit \u2013 Frische trifft Premium-Pr\u00e4senz Setzt ein stilvolles Statement mit unserer\u00a0Sushi-Bar\u00a0auf dem Summit \u2013 f\u00fcr alle, die auf Qualit\u00e4t, \u00c4sthetik und Wirkung setzen. Frisch zubereitetes Sushi zieht Blicke wie Besucher an und schafft einen exklusiven Rahmen f\u00fcr genussvolle Gespr\u00e4che. Inklusive:\u00a0Fl\u00e4che (+6 m\u00b2 zum Basispaket), Equipment, individuelles Branding, professionelles Personal\u00a0\u2013 und\u00a0600 Portionen f\u00fcr&hellip; <a class=\"more-link\" href=\"https:\/\/proptechsumm.it\/booking\/shop\/sushi-bar\/\"><span class=\"screen-reader-text\">Sushi Bar<\/span> weiterlesen<\/a><\/p>\n","protected":false},"featured_media":813,"comment_status":"open","ping_status":"closed","template":"","meta":[],"product_brand":[],"product_cat":[39],"product_tag":[],"class_list":{"0":"post-734","1":"product","2":"type-product","3":"status-publish","4":"has-post-thumbnail","6":"product_cat-lead-magnets","7":"entry","9":"first","10":"instock","11":"sold-individually","12":"taxable","13":"shipping-taxable","14":"purchasable","15":"product-type-simple"},"_links":{"self":[{"href":"https:\/\/proptechsumm.it\/booking\/wp-json\/wp\/v2\/product\/734","targetHints":{"allow":["GET"]}}],"collection":[{"href":"https:\/\/proptechsumm.it\/booking\/wp-json\/wp\/v2\/product"}],"about":[{"href":"https:\/\/proptechsumm.it\/booking\/wp-json\/wp\/v2\/types\/product"}],"replies":[{"embeddable":true,"href":"https:\/\/proptechsumm.it\/booking\/wp-json\/wp\/v2\/comments?post=734"}],"wp:featuredmedia":[{"embeddable":true,"href":"https:\/\/proptechsumm.it\/booking\/wp-json\/wp\/v2\/media\/813"}],"wp:attachment":[{"href":"https:\/\/proptechsumm.it\/booking\/wp-json\/wp\/v2\/media?parent=734"}],"wp:term":[{"taxonomy":"product_brand","embeddable":true,"href":"https:\/\/proptechsumm.it\/booking\/wp-json\/wp\/v2\/product_brand?post=734"},{"taxonomy":"product_cat","embeddable":true,"href":"https:\/\/proptechsumm.it\/booking\/wp-json\/wp\/v2\/product_cat?post=734"},{"taxonomy":"product_tag","embeddable":true,"href":"https:\/\/proptechsumm.it\/booking\/wp-json\/wp\/v2\/product_tag?post=734"}],"curies":[{"name":"wp","href":"https:\/\/api.w.org\/{rel}","templated":true}]}}