{"id":666,"date":"2023-11-16T08:55:13","date_gmt":"2023-11-16T07:55:13","guid":{"rendered":"https:\/\/proptechsumm.it\/booking\/?post_type=product&#038;p=666"},"modified":"2024-04-26T08:24:23","modified_gmt":"2024-04-26T06:24:23","slug":"sponsored-power-banks","status":"publish","type":"product","link":"https:\/\/proptechsumm.it\/booking\/shop\/sponsored-power-banks\/","title":{"rendered":"Sponsored Power Banks"},"content":{"rendered":"<p>Versehen Sie die Power Banks mit Ihrem Logo, die wir an unsere Besucher am &#8218;Point of Power Banks&#8216; herausgeben.<\/p>\n<p>Irgendwann muss jedes elektronische Ger\u00e4t geladen werden. Die Besucher nehmen die Power Banks anschlie\u00dfend mit nach Hause.<\/p>\n<p>Eine Branding M\u00f6glichkeit, welche \u00fcber das Event hinaus mit ins Zuhause der Besucher wirken wird!<\/p>\n<p>&nbsp;<\/p>\n<p>&nbsp;<\/p>\n","protected":false},"excerpt":{"rendered":"<p>Versehen Sie die Power Banks mit Ihrem Logo, die wir an unsere Besucher am &#8218;Point of Power Banks&#8216; herausgeben. Irgendwann muss jedes elektronische Ger\u00e4t geladen werden. Die Besucher nehmen die Power Banks anschlie\u00dfend mit nach Hause. Eine Branding M\u00f6glichkeit, welche \u00fcber das Event hinaus mit ins Zuhause der Besucher wirken wird! &nbsp; &nbsp;<\/p>\n","protected":false},"featured_media":667,"comment_status":"open","ping_status":"closed","template":"","meta":[],"product_brand":[],"product_cat":[17],"product_tag":[],"class_list":{"0":"post-666","1":"product","2":"type-product","3":"status-publish","4":"has-post-thumbnail","6":"product_cat-branding","7":"entry","9":"first","10":"instock","11":"sold-individually","12":"taxable","13":"shipping-taxable","14":"purchasable","15":"product-type-simple"},"_links":{"self":[{"href":"https:\/\/proptechsumm.it\/booking\/wp-json\/wp\/v2\/product\/666","targetHints":{"allow":["GET"]}}],"collection":[{"href":"https:\/\/proptechsumm.it\/booking\/wp-json\/wp\/v2\/product"}],"about":[{"href":"https:\/\/proptechsumm.it\/booking\/wp-json\/wp\/v2\/types\/product"}],"replies":[{"embeddable":true,"href":"https:\/\/proptechsumm.it\/booking\/wp-json\/wp\/v2\/comments?post=666"}],"wp:featuredmedia":[{"embeddable":true,"href":"https:\/\/proptechsumm.it\/booking\/wp-json\/wp\/v2\/media\/667"}],"wp:attachment":[{"href":"https:\/\/proptechsumm.it\/booking\/wp-json\/wp\/v2\/media?parent=666"}],"wp:term":[{"taxonomy":"product_brand","embeddable":true,"href":"https:\/\/proptechsumm.it\/booking\/wp-json\/wp\/v2\/product_brand?post=666"},{"taxonomy":"product_cat","embeddable":true,"href":"https:\/\/proptechsumm.it\/booking\/wp-json\/wp\/v2\/product_cat?post=666"},{"taxonomy":"product_tag","embeddable":true,"href":"https:\/\/proptechsumm.it\/booking\/wp-json\/wp\/v2\/product_tag?post=666"}],"curies":[{"name":"wp","href":"https:\/\/api.w.org\/{rel}","templated":true}]}}