{"id":660,"date":"2023-11-16T08:49:43","date_gmt":"2023-11-16T07:49:43","guid":{"rendered":"https:\/\/proptechsumm.it\/booking\/?post_type=product&#038;p=660"},"modified":"2026-04-14T09:33:52","modified_gmt":"2026-04-14T07:33:52","slug":"popcornmaschine","status":"publish","type":"product","link":"https:\/\/proptechsumm.it\/booking\/shop\/popcornmaschine\/","title":{"rendered":"Popcornmaschine"},"content":{"rendered":"<div class=\"spProductInfo__txt\">\n<p data-start=\"0\" data-end=\"79\"><strong data-start=\"0\" data-end=\"79\">Popcorn-Maschine auf dem Summit \u2013 Knuspriger Hingucker mit Nostalgie-Faktor<\/strong><\/p>\n<p data-start=\"81\" data-end=\"304\">Bringt Messezauber und Kino-Feeling auf euren Stand \u2013 mit unserer Popcorn-Maschine auf dem Summit! Der unwiderstehliche Duft von frisch gepopptem Mais zieht Besucher an, sorgt f\u00fcr Gespr\u00e4chsanl\u00e4sse und bleibt im Ged\u00e4chtnis.<\/p>\n<p data-start=\"306\" data-end=\"476\">Inklusive:\u00a0<strong data-start=\"317\" data-end=\"372\">Fl\u00e4che (+6 m\u00b2 zum Basispaket), Equipment, individuelles Branding, Personal<\/strong>\u00a0\u2013 und\u00a0<strong data-start=\"379\" data-end=\"410\">750 Portionen f\u00fcr zwei Tage<\/strong>.<br data-start=\"411\" data-end=\"414\" \/>Mehr Popcorn?\u00a0<strong data-start=\"428\" data-end=\"467\">100 zus\u00e4tzliche Portionen f\u00fcr 525\u202f\u20ac<\/strong>\u00a0buchbar.<\/p>\n<p data-start=\"306\" data-end=\"476\">Ausgabezeiten Tag 1\u00a0<span data-sheets-root=\"1\">10:30-18:00 \/ 10:30-17:00<\/span><\/p>\n<p data-start=\"478\" data-end=\"543\" data-is-last-node=\"\" data-is-only-node=\"\"><strong data-start=\"478\" data-end=\"543\" data-is-last-node=\"\">Jetzt mit knusprigem Charme und starker Pr\u00e4senz durchstarten!<\/strong><\/p>\n<\/div>\n","protected":false},"excerpt":{"rendered":"<p>Popcorn-Maschine auf dem Summit \u2013 Knuspriger Hingucker mit Nostalgie-Faktor Bringt Messezauber und Kino-Feeling auf euren Stand \u2013 mit unserer Popcorn-Maschine auf dem Summit! Der unwiderstehliche Duft von frisch gepopptem Mais zieht Besucher an, sorgt f\u00fcr Gespr\u00e4chsanl\u00e4sse und bleibt im Ged\u00e4chtnis. Inklusive:\u00a0Fl\u00e4che (+6 m\u00b2 zum Basispaket), Equipment, individuelles Branding, Personal\u00a0\u2013 und\u00a0750 Portionen f\u00fcr zwei Tage.Mehr Popcorn?\u00a0100&hellip; <a class=\"more-link\" href=\"https:\/\/proptechsumm.it\/booking\/shop\/popcornmaschine\/\"><span class=\"screen-reader-text\">Popcornmaschine<\/span> weiterlesen<\/a><\/p>\n","protected":false},"featured_media":661,"comment_status":"open","ping_status":"closed","template":"","meta":[],"product_brand":[],"product_cat":[39],"product_tag":[],"class_list":{"0":"post-660","1":"product","2":"type-product","3":"status-publish","4":"has-post-thumbnail","6":"product_cat-lead-magnets","7":"entry","9":"first","10":"instock","11":"sold-individually","12":"taxable","13":"shipping-taxable","14":"purchasable","15":"product-type-simple"},"_links":{"self":[{"href":"https:\/\/proptechsumm.it\/booking\/wp-json\/wp\/v2\/product\/660","targetHints":{"allow":["GET"]}}],"collection":[{"href":"https:\/\/proptechsumm.it\/booking\/wp-json\/wp\/v2\/product"}],"about":[{"href":"https:\/\/proptechsumm.it\/booking\/wp-json\/wp\/v2\/types\/product"}],"replies":[{"embeddable":true,"href":"https:\/\/proptechsumm.it\/booking\/wp-json\/wp\/v2\/comments?post=660"}],"wp:featuredmedia":[{"embeddable":true,"href":"https:\/\/proptechsumm.it\/booking\/wp-json\/wp\/v2\/media\/661"}],"wp:attachment":[{"href":"https:\/\/proptechsumm.it\/booking\/wp-json\/wp\/v2\/media?parent=660"}],"wp:term":[{"taxonomy":"product_brand","embeddable":true,"href":"https:\/\/proptechsumm.it\/booking\/wp-json\/wp\/v2\/product_brand?post=660"},{"taxonomy":"product_cat","embeddable":true,"href":"https:\/\/proptechsumm.it\/booking\/wp-json\/wp\/v2\/product_cat?post=660"},{"taxonomy":"product_tag","embeddable":true,"href":"https:\/\/proptechsumm.it\/booking\/wp-json\/wp\/v2\/product_tag?post=660"}],"curies":[{"name":"wp","href":"https:\/\/api.w.org\/{rel}","templated":true}]}}