{"id":58,"date":"2021-10-28T16:08:01","date_gmt":"2021-10-28T14:08:01","guid":{"rendered":"https:\/\/procurementsummit.de\/packages\/?post_type=product&#038;p=58"},"modified":"2025-10-09T14:36:40","modified_gmt":"2025-10-09T12:36:40","slug":"30-minuetige-masterclass","status":"publish","type":"product","link":"https:\/\/proptechsumm.it\/booking\/shop\/30-minuetige-masterclass\/","title":{"rendered":"30-min\u00fctige Masterclass"},"content":{"rendered":"<p>30-min\u00fctige und von Ihnen gestaltete Masterclass, offizieller Bestandteil des Programms. Bringen Sie Ihr Thema auf die B\u00fchne des Construction Summit. In der Gestaltung der Inhalte sind Sie v\u00f6llig frei. Inklusive Leads aller Zuschauer: Sie erhalten von den Zuschauern Name, Position, Unternehmen und Email.<\/p>\n<p>Teilnehmeranzahl bis zu 80 Personen.<\/p>\n<div>Die Zeitslots der Masterclasses werden nach Verf\u00fcgbarkeit vergeben.<\/div>\n<div>Je fr\u00fcher Sie buchen, umso gr\u00f6\u00dfer die Auswahl der Slots.<\/div>\n","protected":false},"excerpt":{"rendered":"<p>30-min\u00fctige und von Ihnen gestaltete Masterclass, offizieller Bestandteil des Programms. Bringen Sie Ihr Thema auf die B\u00fchne des Construction Summit. In der Gestaltung der Inhalte sind Sie v\u00f6llig frei. Inklusive Leads aller Zuschauer: Sie erhalten von den Zuschauern Name, Position, Unternehmen und Email. Teilnehmeranzahl bis zu 80 Personen. Die Zeitslots der Masterclasses werden nach Verf\u00fcgbarkeit&hellip; <a class=\"more-link\" href=\"https:\/\/proptechsumm.it\/booking\/shop\/30-minuetige-masterclass\/\"><span class=\"screen-reader-text\">30-min\u00fctige Masterclass<\/span> weiterlesen<\/a><\/p>\n","protected":false},"featured_media":574,"comment_status":"open","ping_status":"closed","template":"","meta":[],"product_brand":[],"product_cat":[18],"product_tag":[21],"class_list":{"0":"post-58","1":"product","2":"type-product","3":"status-publish","4":"has-post-thumbnail","6":"product_cat-content","7":"product_tag-highlight","8":"entry","10":"first","11":"instock","12":"sold-individually","13":"taxable","14":"shipping-taxable","15":"purchasable","16":"product-type-simple"},"_links":{"self":[{"href":"https:\/\/proptechsumm.it\/booking\/wp-json\/wp\/v2\/product\/58","targetHints":{"allow":["GET"]}}],"collection":[{"href":"https:\/\/proptechsumm.it\/booking\/wp-json\/wp\/v2\/product"}],"about":[{"href":"https:\/\/proptechsumm.it\/booking\/wp-json\/wp\/v2\/types\/product"}],"replies":[{"embeddable":true,"href":"https:\/\/proptechsumm.it\/booking\/wp-json\/wp\/v2\/comments?post=58"}],"wp:featuredmedia":[{"embeddable":true,"href":"https:\/\/proptechsumm.it\/booking\/wp-json\/wp\/v2\/media\/574"}],"wp:attachment":[{"href":"https:\/\/proptechsumm.it\/booking\/wp-json\/wp\/v2\/media?parent=58"}],"wp:term":[{"taxonomy":"product_brand","embeddable":true,"href":"https:\/\/proptechsumm.it\/booking\/wp-json\/wp\/v2\/product_brand?post=58"},{"taxonomy":"product_cat","embeddable":true,"href":"https:\/\/proptechsumm.it\/booking\/wp-json\/wp\/v2\/product_cat?post=58"},{"taxonomy":"product_tag","embeddable":true,"href":"https:\/\/proptechsumm.it\/booking\/wp-json\/wp\/v2\/product_tag?post=58"}],"curies":[{"name":"wp","href":"https:\/\/api.w.org\/{rel}","templated":true}]}}