{"id":19,"date":"2021-10-22T11:45:51","date_gmt":"2021-10-22T09:45:51","guid":{"rendered":"https:\/\/logisticssummit.de\/packages\/?post_type=product&#038;p=19"},"modified":"2025-02-13T15:36:05","modified_gmt":"2025-02-13T14:36:05","slug":"basis-paket","status":"publish","type":"product","link":"https:\/\/proptechsumm.it\/booking\/shop\/basis-paket\/","title":{"rendered":"Basis Paket"},"content":{"rendered":"<ul>\n<li><strong>5 Expo &amp; Conference-Tickets<\/strong> und <strong>2 VIP-Tickets<\/strong><br \/>\n(Zutritt zu allen Veranstaltungen im Rahmen des Proptech &amp; Construction Summit, f\u00fcr VIP auch das <strong>Speakers Dinner<\/strong>)<\/li>\n<li><strong>Auff\u00fchrung als Aussteller<\/strong> (auf der Website und anderen Werbematerialien)<\/li>\n<li>Zugriff auf die <strong>Liste der Teilnehmenden<\/strong> (regelm\u00e4\u00dfige Zusendung der aktuellsten Liste der Teilnehmenden, Firma und Position)<\/li>\n<li>inkl. <strong>Namensschild-Scan f\u00fcr Leadliste<\/strong> mittels der Proptech &amp; Construction Summit App<\/li>\n<li><strong>6 qm Basis-Standfl\u00e4che inkl. mit eurem Design bedruckter &amp; beleuchteter R\u00fcckwand<\/strong><br \/>\n(Motiv-Lieferung durch euch)<\/li>\n<\/ul>\n","protected":false},"excerpt":{"rendered":"<p>5 Expo &amp; Conference-Tickets und 2 VIP-Tickets (Zutritt zu allen Veranstaltungen im Rahmen des Proptech &amp; Construction Summit, f\u00fcr VIP auch das Speakers Dinner) Auff\u00fchrung als Aussteller (auf der Website und anderen Werbematerialien) Zugriff auf die Liste der Teilnehmenden (regelm\u00e4\u00dfige Zusendung der aktuellsten Liste der Teilnehmenden, Firma und Position) inkl. Namensschild-Scan f\u00fcr Leadliste mittels der&hellip; <a class=\"more-link\" href=\"https:\/\/proptechsumm.it\/booking\/shop\/basis-paket\/\"><span class=\"screen-reader-text\">Basis Paket<\/span> weiterlesen<\/a><\/p>\n","protected":false},"featured_media":341,"comment_status":"open","ping_status":"closed","template":"","meta":[],"product_brand":[],"product_cat":[16],"product_tag":[],"class_list":{"0":"post-19","1":"product","2":"type-product","3":"status-publish","4":"has-post-thumbnail","6":"product_cat-pakete","7":"entry","9":"first","10":"instock","11":"sold-individually","12":"taxable","13":"shipping-taxable","14":"purchasable","15":"product-type-simple"},"_links":{"self":[{"href":"https:\/\/proptechsumm.it\/booking\/wp-json\/wp\/v2\/product\/19","targetHints":{"allow":["GET"]}}],"collection":[{"href":"https:\/\/proptechsumm.it\/booking\/wp-json\/wp\/v2\/product"}],"about":[{"href":"https:\/\/proptechsumm.it\/booking\/wp-json\/wp\/v2\/types\/product"}],"replies":[{"embeddable":true,"href":"https:\/\/proptechsumm.it\/booking\/wp-json\/wp\/v2\/comments?post=19"}],"wp:featuredmedia":[{"embeddable":true,"href":"https:\/\/proptechsumm.it\/booking\/wp-json\/wp\/v2\/media\/341"}],"wp:attachment":[{"href":"https:\/\/proptechsumm.it\/booking\/wp-json\/wp\/v2\/media?parent=19"}],"wp:term":[{"taxonomy":"product_brand","embeddable":true,"href":"https:\/\/proptechsumm.it\/booking\/wp-json\/wp\/v2\/product_brand?post=19"},{"taxonomy":"product_cat","embeddable":true,"href":"https:\/\/proptechsumm.it\/booking\/wp-json\/wp\/v2\/product_cat?post=19"},{"taxonomy":"product_tag","embeddable":true,"href":"https:\/\/proptechsumm.it\/booking\/wp-json\/wp\/v2\/product_tag?post=19"}],"curies":[{"name":"wp","href":"https:\/\/api.w.org\/{rel}","templated":true}]}}