{"id":13,"date":"2021-10-22T11:38:43","date_gmt":"2021-10-22T09:38:43","guid":{"rendered":"https:\/\/logisticssummit.de\/packages\/?post_type=product&#038;p=13"},"modified":"2025-07-25T11:20:35","modified_gmt":"2025-07-25T09:20:35","slug":"sponsored-lunch","status":"publish","type":"product","link":"https:\/\/proptechsumm.it\/booking\/shop\/sponsored-lunch\/","title":{"rendered":"Sponsored Lunch \u2013 Exklusives Networking auf Entscheider-Level"},"content":{"rendered":"<p>Positioniert eure Marke im exklusiven Rahmen eines\u00a0<b data-stringify-type=\"bold\">Sponsored Lunches<\/b>, der\u00a0<b data-stringify-type=\"bold\">an einem der Veranstaltungstage w\u00e4hrend der Mittagspause<\/b>\u00a0stattfindet. Die Location ist fu\u00dfl\u00e4ufig vom Summit erreichbar und bietet den idealen Rahmen f\u00fcr pers\u00f6nlichen Austausch auf Augenh\u00f6he.<\/p>\n<p><b data-stringify-type=\"bold\">Das Besondere:<\/b>\u00a0Direkt vor dem Lunch findet ein geschlossener\u00a0<b data-stringify-type=\"bold\">Peer-to-Peer-Roundtable mit bis zu 30 kuratierten High-Level-Personas<\/b>\u00a0statt. Diese exklusiven Teilnehmer gehen im Anschluss nahtlos in euren Sponsored Lunch \u00fcber \u2013 und sichern euch damit maximale Sichtbarkeit bei hochrelevanten Entscheidern.<br \/>\n<b data-stringify-type=\"bold\">Zus\u00e4tzlich habt ihr die M\u00f6glichkeit, gezielt eigene Wunschg\u00e4ste zum Lunch einzuladen<\/b>, um den Austausch noch individueller und wirkungsvoller zu gestalten.<\/p>\n<p>Ihr gestaltet das Erlebnis aktiv mit \u2013 zum Beispiel durch eine pers\u00f6nliche\u00a0<b data-stringify-type=\"bold\">Begr\u00fc\u00dfung oder Impulsrede<\/b>\u00a0zu Beginn des Lunches.<\/p>\n<p><b data-stringify-type=\"bold\">Speisen und Getr\u00e4nke<\/b>\u00a0sind selbstverst\u00e4ndlich inklusive. Ihr konzentriert euch ganz auf das Networking \u2013 wir k\u00fcmmern uns um den Rest.<\/p>\n","protected":false},"excerpt":{"rendered":"<p>Positioniert eure Marke im exklusiven Rahmen eines\u00a0Sponsored Lunches, der\u00a0an einem der Veranstaltungstage w\u00e4hrend der Mittagspause\u00a0stattfindet. Die Location ist fu\u00dfl\u00e4ufig vom Summit erreichbar und bietet den idealen Rahmen f\u00fcr pers\u00f6nlichen Austausch auf Augenh\u00f6he. Das Besondere:\u00a0Direkt vor dem Lunch findet ein geschlossener\u00a0Peer-to-Peer-Roundtable mit bis zu 30 kuratierten High-Level-Personas\u00a0statt. Diese exklusiven Teilnehmer gehen im Anschluss nahtlos in euren&hellip; <a class=\"more-link\" href=\"https:\/\/proptechsumm.it\/booking\/shop\/sponsored-lunch\/\"><span class=\"screen-reader-text\">Sponsored Lunch \u2013 Exklusives Networking auf Entscheider-Level<\/span> weiterlesen<\/a><\/p>\n","protected":false},"featured_media":80,"comment_status":"open","ping_status":"closed","template":"","meta":[],"product_brand":[],"product_cat":[15],"product_tag":[],"class_list":{"0":"post-13","1":"product","2":"type-product","3":"status-publish","4":"has-post-thumbnail","6":"product_cat-sales-networking","7":"entry","9":"first","10":"instock","11":"sold-individually","12":"taxable","13":"shipping-taxable","14":"purchasable","15":"product-type-simple"},"_links":{"self":[{"href":"https:\/\/proptechsumm.it\/booking\/wp-json\/wp\/v2\/product\/13","targetHints":{"allow":["GET"]}}],"collection":[{"href":"https:\/\/proptechsumm.it\/booking\/wp-json\/wp\/v2\/product"}],"about":[{"href":"https:\/\/proptechsumm.it\/booking\/wp-json\/wp\/v2\/types\/product"}],"replies":[{"embeddable":true,"href":"https:\/\/proptechsumm.it\/booking\/wp-json\/wp\/v2\/comments?post=13"}],"wp:featuredmedia":[{"embeddable":true,"href":"https:\/\/proptechsumm.it\/booking\/wp-json\/wp\/v2\/media\/80"}],"wp:attachment":[{"href":"https:\/\/proptechsumm.it\/booking\/wp-json\/wp\/v2\/media?parent=13"}],"wp:term":[{"taxonomy":"product_brand","embeddable":true,"href":"https:\/\/proptechsumm.it\/booking\/wp-json\/wp\/v2\/product_brand?post=13"},{"taxonomy":"product_cat","embeddable":true,"href":"https:\/\/proptechsumm.it\/booking\/wp-json\/wp\/v2\/product_cat?post=13"},{"taxonomy":"product_tag","embeddable":true,"href":"https:\/\/proptechsumm.it\/booking\/wp-json\/wp\/v2\/product_tag?post=13"}],"curies":[{"name":"wp","href":"https:\/\/api.w.org\/{rel}","templated":true}]}}